

{"id":14793,"date":"2021-03-12T11:12:52","date_gmt":"2021-03-12T14:12:52","guid":{"rendered":"https:\/\/avilaadvisors.com\/dev\/?page_id=14793"},"modified":"2021-04-14T20:24:15","modified_gmt":"2021-04-14T23:24:15","slug":"addl-services","status":"publish","type":"page","link":"https:\/\/avilaadvisors.com\/es\/addl-services\/","title":{"rendered":"Servicios"},"content":{"rendered":"<div class=\"vc_row wpb_row vc_row-fluid bloservi linkserv\" ><div class=\"wpb_column vc_column_container vc_col-sm-12\"><div class=\"vc_column-inner\"><div class=\"wpb_wrapper\"><div class=\"eltdf-row-grid-section\"><div class=\"vc_row wpb_row vc_inner vc_row-fluid\"><div class=\"icoser wpb_column vc_column_container vc_col-sm-3\"><div class=\"vc_column-inner\"><div class=\"wpb_wrapper\">\r\n\t<div class=\"wpb_text_column wpb_content_element\" >\r\n\t\t<div class=\"wpb_wrapper\">\r\n\t\t\t<p><img class=\"size-full wp-image-14691 alignright\" src=\"https:\/\/avilaadvisors.com\/wp-content\/uploads\/2021\/03\/ser1.png\" alt=\"\" width=\"100\" srcset=\"https:\/\/avilaadvisors.com\/wp-content\/uploads\/2021\/03\/ser1.png 124w, https:\/\/avilaadvisors.com\/wp-content\/uploads\/2021\/03\/ser1-11x12.png 11w\" sizes=\"(max-width: 124px) 100vw, 124px\" \/><\/p>\n\r\n\t\t<\/div>\r\n\t<\/div>\r\n<\/div><\/div><\/div><div class=\"wpb_column vc_column_container vc_col-sm-3\"><div class=\"vc_column-inner\"><div class=\"wpb_wrapper\">\r\n\t<div class=\"wpb_text_column wpb_content_element  formatextav\" >\r\n\t\t<div class=\"wpb_wrapper\">\r\n\t\t\t<p>Gesti\u00f3n de<br \/>\nPatrimonios<\/p>\n\r\n\t\t<\/div>\r\n\t<\/div>\r\n<\/div><\/div><\/div><div class=\"wpb_column vc_column_container vc_col-sm-6\"><div class=\"vc_column-inner\"><div class=\"wpb_wrapper\"><div class=\"eltdf-animation-holder eltdf-element-from-right\" data-animation=\"eltdf-element-from-right\" data-animation-delay=\"\"><div class=\"eltdf-animation-inner\"><div class=\"eltdf-icon-list-holder\" >\r\n\t<div class=\"eltdf-il-icon-holder\">\r\n\t\t<span aria-hidden=\"true\" class=\"eltdf-icon-font-elegant arrow_right\" style=\"color: #44dda5;font-size: 35px\" ><\/span>\t<\/div>\r\n\t<p class=\"eltdf-il-text\" style=\"padding-left: 35px\">Apertura de cuentas de Portafolios de Inversi\u00f3n en EE.UU.<\/p>\r\n<\/div><div class=\"eltdf-icon-list-holder\" >\r\n\t<div class=\"eltdf-il-icon-holder\">\r\n\t\t<span aria-hidden=\"true\" class=\"eltdf-icon-font-elegant arrow_right\" style=\"color: #44dda5;font-size: 35px\" ><\/span>\t<\/div>\r\n\t<p class=\"eltdf-il-text\" style=\"padding-left: 35px\">Traslado de Portafolios entre instituciones financieras.<\/p>\r\n<\/div><div class=\"eltdf-icon-list-holder\" >\r\n\t<div class=\"eltdf-il-icon-holder\">\r\n\t\t<span aria-hidden=\"true\" class=\"eltdf-icon-font-elegant arrow_right\" style=\"color: #44dda5;font-size: 35px\" ><\/span>\t<\/div>\r\n\t<p class=\"eltdf-il-text\" style=\"padding-left: 35px\">Estrategias de Inversi\u00f3n y mitigaci\u00f3n de riesgos.<\/p>\r\n<\/div><div class=\"eltdf-icon-list-holder\" >\r\n\t<div class=\"eltdf-il-icon-holder\">\r\n\t\t<span aria-hidden=\"true\" class=\"eltdf-icon-font-elegant arrow_right\" style=\"color: #44dda5;font-size: 35px\" ><\/span>\t<\/div>\r\n\t<p class=\"eltdf-il-text\" style=\"padding-left: 35px\">Asignaci\u00f3n de activos y construcci\u00f3n de Portafolios.<\/p>\r\n<\/div><div class=\"eltdf-icon-list-holder\" >\r\n\t<div class=\"eltdf-il-icon-holder\">\r\n\t\t<span aria-hidden=\"true\" class=\"eltdf-icon-font-elegant arrow_right\" style=\"color: #44dda5;font-size: 35px\" ><\/span>\t<\/div>\r\n\t<p class=\"eltdf-il-text\" style=\"padding-left: 35px\">An\u00e1lisis de desempe\u00f1o en Portafolios manejados por terceros.<\/p>\r\n<\/div><div class=\"eltdf-icon-list-holder\" >\r\n\t<div class=\"eltdf-il-icon-holder\">\r\n\t\t<span aria-hidden=\"true\" class=\"eltdf-icon-font-elegant arrow_right\" style=\"color: #44dda5;font-size: 35px\" ><\/span>\t<\/div>\r\n\t<p class=\"eltdf-il-text\" style=\"padding-left: 35px\">Estudio de comisiones cobradas por terceros.<\/p>\r\n<\/div><div class=\"eltdf-icon-list-holder\" >\r\n\t<div class=\"eltdf-il-icon-holder\">\r\n\t\t<span aria-hidden=\"true\" class=\"eltdf-icon-font-elegant arrow_right\" style=\"color: #44dda5;font-size: 35px\" ><\/span>\t<\/div>\r\n\t<p class=\"eltdf-il-text\" style=\"padding-left: 35px\">An\u00e1lisis de estrategias sugeridas por asesores financieros.<\/p>\r\n<\/div><\/div><\/div><\/div><\/div><\/div><\/div><\/div><\/div><\/div><\/div><\/div><div class=\"vc_row wpb_row vc_row-fluid bloservi linkserv vc_custom_1617033332782 vc_row-has-fill\" ><div class=\"wpb_column vc_column_container vc_col-sm-12\"><div class=\"vc_column-inner\"><div class=\"wpb_wrapper\"><div class=\"eltdf-row-grid-section\"><div class=\"vc_row wpb_row vc_inner vc_row-fluid\"><div class=\"icoser wpb_column vc_column_container vc_col-sm-3\"><div class=\"vc_column-inner\"><div class=\"wpb_wrapper\">\r\n\t<div class=\"wpb_text_column wpb_content_element\" >\r\n\t\t<div class=\"wpb_wrapper\">\r\n\t\t\t<p><img class=\"size-full wp-image-14692 alignright\" src=\"https:\/\/avilaadvisors.com\/wp-content\/uploads\/2021\/03\/ser2.png\" alt=\"\" width=\"100\" srcset=\"https:\/\/avilaadvisors.com\/wp-content\/uploads\/2021\/03\/ser2.png 123w, https:\/\/avilaadvisors.com\/wp-content\/uploads\/2021\/03\/ser2-11x12.png 11w\" sizes=\"(max-width: 123px) 100vw, 123px\" \/><\/p>\n\r\n\t\t<\/div>\r\n\t<\/div>\r\n<\/div><\/div><\/div><div class=\"wpb_column vc_column_container vc_col-sm-3\"><div class=\"vc_column-inner\"><div class=\"wpb_wrapper\">\r\n\t<div class=\"wpb_text_column wpb_content_element  formatextav blase\" >\r\n\t\t<div class=\"wpb_wrapper\">\r\n\t\t\t<p>Finanzas<br \/>\npersonales<\/p>\n\r\n\t\t<\/div>\r\n\t<\/div>\r\n<\/div><\/div><\/div><div class=\"wpb_column vc_column_container vc_col-sm-6\"><div class=\"vc_column-inner\"><div class=\"wpb_wrapper\"><div class=\"eltdf-animation-holder eltdf-element-from-right\" data-animation=\"eltdf-element-from-right\" data-animation-delay=\"\"><div class=\"eltdf-animation-inner\"><div class=\"eltdf-icon-list-holder\" >\r\n\t<div class=\"eltdf-il-icon-holder\">\r\n\t\t<span aria-hidden=\"true\" class=\"eltdf-icon-font-elegant arrow_right\" style=\"color: #44dda5;font-size: 35px\" ><\/span>\t<\/div>\r\n\t<p class=\"eltdf-il-text\" style=\"padding-left: 35px\">Elaboraci\u00f3n de presupuestos de ingresos y gastos.<\/p>\r\n<\/div><div class=\"eltdf-icon-list-holder\" >\r\n\t<div class=\"eltdf-il-icon-holder\">\r\n\t\t<span aria-hidden=\"true\" class=\"eltdf-icon-font-elegant arrow_right\" style=\"color: #44dda5;font-size: 35px\" ><\/span>\t<\/div>\r\n\t<p class=\"eltdf-il-text\" style=\"padding-left: 35px\">An\u00e1lisis y proyecciones patrimoniales.<\/p>\r\n<\/div><div class=\"eltdf-icon-list-holder\" >\r\n\t<div class=\"eltdf-il-icon-holder\">\r\n\t\t<span aria-hidden=\"true\" class=\"eltdf-icon-font-elegant arrow_right\" style=\"color: #44dda5;font-size: 35px\" ><\/span>\t<\/div>\r\n\t<p class=\"eltdf-il-text\" style=\"padding-left: 35px\">\u00bfC\u00f3mo puedo hacer crecer mi patrimonio a\u00f1o tras a\u00f1o?<\/p>\r\n<\/div><div class=\"eltdf-icon-list-holder\" >\r\n\t<div class=\"eltdf-il-icon-holder\">\r\n\t\t<span aria-hidden=\"true\" class=\"eltdf-icon-font-elegant arrow_right\" style=\"color: #44dda5;font-size: 35px\" ><\/span>\t<\/div>\r\n\t<p class=\"eltdf-il-text\" style=\"padding-left: 35px\">\u00bfSon suficientes mis ahorros de emergencia?<\/p>\r\n<\/div><div class=\"eltdf-icon-list-holder\" >\r\n\t<div class=\"eltdf-il-icon-holder\">\r\n\t\t<span aria-hidden=\"true\" class=\"eltdf-icon-font-elegant arrow_right\" style=\"color: #44dda5;font-size: 35px\" ><\/span>\t<\/div>\r\n\t<p class=\"eltdf-il-text\" style=\"padding-left: 35px\">\u00bfCu\u00e1nto debo que ahorrar e invertir para retirarme con USD 1 mill\u00f3n?<\/p>\r\n<\/div><div class=\"eltdf-icon-list-holder\" >\r\n\t<div class=\"eltdf-il-icon-holder\">\r\n\t\t<span aria-hidden=\"true\" class=\"eltdf-icon-font-elegant arrow_right\" style=\"color: #44dda5;font-size: 35px\" ><\/span>\t<\/div>\r\n\t<p class=\"eltdf-il-text\" style=\"padding-left: 35px\">\u00bfDebo usar mis ahorros para pagar deudas?<\/p>\r\n<\/div><div class=\"eltdf-icon-list-holder\" >\r\n\t<div class=\"eltdf-il-icon-holder\">\r\n\t\t<span aria-hidden=\"true\" class=\"eltdf-icon-font-elegant arrow_right\" style=\"color: #44dda5;font-size: 35px\" ><\/span>\t<\/div>\r\n\t<p class=\"eltdf-il-text\" style=\"padding-left: 35px\">Libertad de deuda en tarjetas de cr\u00e9dito y mejora del record crediticio.<\/p>\r\n<\/div><\/div><\/div><\/div><\/div><\/div><\/div><\/div><\/div><\/div><\/div><\/div><div class=\"vc_row wpb_row vc_row-fluid bloservi linkserv\" ><div class=\"wpb_column vc_column_container vc_col-sm-12\"><div class=\"vc_column-inner\"><div class=\"wpb_wrapper\"><div class=\"eltdf-row-grid-section\"><div class=\"vc_row wpb_row vc_inner vc_row-fluid\"><div class=\"icoser wpb_column vc_column_container vc_col-sm-3\"><div class=\"vc_column-inner\"><div class=\"wpb_wrapper\">\r\n\t<div class=\"wpb_text_column wpb_content_element\" >\r\n\t\t<div class=\"wpb_wrapper\">\r\n\t\t\t<p style=\"text-align: right;\"><img class=\"alignnone size-full wp-image-14693\" src=\"https:\/\/avilaadvisors.com\/wp-content\/uploads\/2021\/03\/ser3.png\" alt=\"\" width=\"100\" srcset=\"https:\/\/avilaadvisors.com\/wp-content\/uploads\/2021\/03\/ser3.png 134w, https:\/\/avilaadvisors.com\/wp-content\/uploads\/2021\/03\/ser3-12x12.png 12w, https:\/\/avilaadvisors.com\/wp-content\/uploads\/2021\/03\/ser3-100x100.png 100w\" sizes=\"(max-width: 134px) 100vw, 134px\" \/><\/p>\n\r\n\t\t<\/div>\r\n\t<\/div>\r\n<\/div><\/div><\/div><div class=\"wpb_column vc_column_container vc_col-sm-3\"><div class=\"vc_column-inner\"><div class=\"wpb_wrapper\">\r\n\t<div class=\"wpb_text_column wpb_content_element  formatextav\" >\r\n\t\t<div class=\"wpb_wrapper\">\r\n\t\t\t<p>Cambios inesperados<br \/>\nen la Vida<\/p>\n\r\n\t\t<\/div>\r\n\t<\/div>\r\n<\/div><\/div><\/div><div class=\"wpb_column vc_column_container vc_col-sm-6\"><div class=\"vc_column-inner\"><div class=\"wpb_wrapper\"><div class=\"eltdf-animation-holder eltdf-element-from-right\" data-animation=\"eltdf-element-from-right\" data-animation-delay=\"\"><div class=\"eltdf-animation-inner\"><div class=\"eltdf-icon-list-holder\" >\r\n\t<div class=\"eltdf-il-icon-holder\">\r\n\t\t<span aria-hidden=\"true\" class=\"eltdf-icon-font-elegant arrow_right\" style=\"color: #44dda5;font-size: 35px\" ><\/span>\t<\/div>\r\n\t<p class=\"eltdf-il-text\" style=\"padding-left: 35px\">Necesito ayuda para administrar mis finanzas personales.<\/p>\r\n<\/div><div class=\"eltdf-icon-list-holder\" >\r\n\t<div class=\"eltdf-il-icon-holder\">\r\n\t\t<span aria-hidden=\"true\" class=\"eltdf-icon-font-elegant arrow_right\" style=\"color: #44dda5;font-size: 35px\" ><\/span>\t<\/div>\r\n\t<p class=\"eltdf-il-text\" style=\"padding-left: 35px\">\u00bfPuedo permitirme comprar una casa?<\/p>\r\n<\/div><div class=\"eltdf-icon-list-holder\" >\r\n\t<div class=\"eltdf-il-icon-holder\">\r\n\t\t<span aria-hidden=\"true\" class=\"eltdf-icon-font-elegant arrow_right\" style=\"color: #44dda5;font-size: 35px\" ><\/span>\t<\/div>\r\n\t<p class=\"eltdf-il-text\" style=\"padding-left: 35px\">\u00bfDebo comprar o arrendar un auto?<\/p>\r\n<\/div><\/div><\/div><\/div><\/div><\/div><\/div><\/div><\/div><\/div><\/div><\/div><div class=\"vc_row wpb_row vc_row-fluid bloservi linkserv vc_custom_1617033332782 vc_row-has-fill\" ><div class=\"wpb_column vc_column_container vc_col-sm-12\"><div class=\"vc_column-inner\"><div class=\"wpb_wrapper\"><div class=\"eltdf-row-grid-section\"><div class=\"vc_row wpb_row vc_inner vc_row-fluid\"><div class=\"icoser wpb_column vc_column_container vc_col-sm-3\"><div class=\"vc_column-inner\"><div class=\"wpb_wrapper\">\r\n\t<div class=\"wpb_text_column wpb_content_element\" >\r\n\t\t<div class=\"wpb_wrapper\">\r\n\t\t\t<p><img class=\"size-full wp-image-14687 alignright\" src=\"https:\/\/avilaadvisors.com\/wp-content\/uploads\/2021\/03\/wewill3.png\" alt=\"\" width=\"100\" srcset=\"https:\/\/avilaadvisors.com\/wp-content\/uploads\/2021\/03\/wewill3.png 140w, https:\/\/avilaadvisors.com\/wp-content\/uploads\/2021\/03\/wewill3-12x12.png 12w, https:\/\/avilaadvisors.com\/wp-content\/uploads\/2021\/03\/wewill3-100x100.png 100w\" sizes=\"(max-width: 140px) 100vw, 140px\" \/><\/p>\n\r\n\t\t<\/div>\r\n\t<\/div>\r\n<\/div><\/div><\/div><div class=\"wpb_column vc_column_container vc_col-sm-3\"><div class=\"vc_column-inner\"><div class=\"wpb_wrapper\">\r\n\t<div class=\"wpb_text_column wpb_content_element  formatextav blase\" >\r\n\t\t<div class=\"wpb_wrapper\">\r\n\t\t\t<p>Asuntos<br \/>\nfamiliares<\/p>\n\r\n\t\t<\/div>\r\n\t<\/div>\r\n<\/div><\/div><\/div><div class=\"wpb_column vc_column_container vc_col-sm-6\"><div class=\"vc_column-inner\"><div class=\"wpb_wrapper\"><div class=\"eltdf-animation-holder eltdf-element-from-right\" data-animation=\"eltdf-element-from-right\" data-animation-delay=\"\"><div class=\"eltdf-animation-inner\"><div class=\"eltdf-icon-list-holder\" >\r\n\t<div class=\"eltdf-il-icon-holder\">\r\n\t\t<span aria-hidden=\"true\" class=\"eltdf-icon-font-elegant arrow_right\" style=\"color: #44dda5;font-size: 35px\" ><\/span>\t<\/div>\r\n\t<p class=\"eltdf-il-text\" style=\"padding-left: 35px\">Ahorros inteligentes para la universidad de tus hijos, plan de inversi\u00f3n 529.<\/p>\r\n<\/div><div class=\"eltdf-icon-list-holder\" >\r\n\t<div class=\"eltdf-il-icon-holder\">\r\n\t\t<span aria-hidden=\"true\" class=\"eltdf-icon-font-elegant arrow_right\" style=\"color: #44dda5;font-size: 35px\" ><\/span>\t<\/div>\r\n\t<p class=\"eltdf-il-text\" style=\"padding-left: 35px\">Estrategias de herencia e impuestos en tu portafolio.<\/p>\r\n<\/div><div class=\"eltdf-icon-list-holder\" >\r\n\t<div class=\"eltdf-il-icon-holder\">\r\n\t\t<span aria-hidden=\"true\" class=\"eltdf-icon-font-elegant arrow_right\" style=\"color: #44dda5;font-size: 35px\" ><\/span>\t<\/div>\r\n\t<p class=\"eltdf-il-text\" style=\"padding-left: 35px\">Cuentas de jubilaci\u00f3n (IRA tradicional, Roth IRA, 401(k).<\/p>\r\n<\/div><div class=\"eltdf-icon-list-holder\" >\r\n\t<div class=\"eltdf-il-icon-holder\">\r\n\t\t<span aria-hidden=\"true\" class=\"eltdf-icon-font-elegant arrow_right\" style=\"color: #44dda5;font-size: 35px\" ><\/span>\t<\/div>\r\n\t<p class=\"eltdf-il-text\" style=\"padding-left: 35px\">Si muero ma\u00f1ana, \u00bfc\u00f3mo le ir\u00e1 econ\u00f3micamente a mi familia?<\/p>\r\n<\/div><\/div><\/div><\/div><\/div><\/div><\/div><\/div><\/div><\/div><\/div><\/div><div class=\"vc_row wpb_row vc_row-fluid bloservi linkserv\" ><div class=\"wpb_column vc_column_container vc_col-sm-12\"><div class=\"vc_column-inner\"><div class=\"wpb_wrapper\"><div class=\"eltdf-row-grid-section\"><div class=\"vc_row wpb_row vc_inner vc_row-fluid\"><div class=\"icoser wpb_column vc_column_container vc_col-sm-3\"><div class=\"vc_column-inner\"><div class=\"wpb_wrapper\">\r\n\t<div class=\"wpb_text_column wpb_content_element\" >\r\n\t\t<div class=\"wpb_wrapper\">\r\n\t\t\t<p style=\"text-align: right;\"><img class=\"alignnone size-full wp-image-14685\" src=\"https:\/\/avilaadvisors.com\/wp-content\/uploads\/2021\/03\/wewill1.png\" alt=\"\" width=\"100\" srcset=\"https:\/\/avilaadvisors.com\/wp-content\/uploads\/2021\/03\/wewill1.png 139w, https:\/\/avilaadvisors.com\/wp-content\/uploads\/2021\/03\/wewill1-12x12.png 12w, https:\/\/avilaadvisors.com\/wp-content\/uploads\/2021\/03\/wewill1-100x100.png 100w\" sizes=\"(max-width: 139px) 100vw, 139px\" \/><\/p>\n\r\n\t\t<\/div>\r\n\t<\/div>\r\n<\/div><\/div><\/div><div class=\"wpb_column vc_column_container vc_col-sm-3\"><div class=\"vc_column-inner\"><div class=\"wpb_wrapper\">\r\n\t<div class=\"wpb_text_column wpb_content_element  formatextav\" >\r\n\t\t<div class=\"wpb_wrapper\">\r\n\t\t\t<p>Coaching para<br \/>\nemprendedores<\/p>\n\r\n\t\t<\/div>\r\n\t<\/div>\r\n<\/div><\/div><\/div><div class=\"wpb_column vc_column_container vc_col-sm-6\"><div class=\"vc_column-inner\"><div class=\"wpb_wrapper\"><div class=\"eltdf-animation-holder eltdf-element-from-right\" data-animation=\"eltdf-element-from-right\" data-animation-delay=\"\"><div class=\"eltdf-animation-inner\"><div class=\"eltdf-icon-list-holder\" >\r\n\t<div class=\"eltdf-il-icon-holder\">\r\n\t\t<span aria-hidden=\"true\" class=\"eltdf-icon-font-elegant arrow_right\" style=\"color: #44dda5;font-size: 35px\" ><\/span>\t<\/div>\r\n\t<p class=\"eltdf-il-text\" style=\"padding-left: 35px\">Plan de negocios.<\/p>\r\n<\/div><div class=\"eltdf-icon-list-holder\" >\r\n\t<div class=\"eltdf-il-icon-holder\">\r\n\t\t<span aria-hidden=\"true\" class=\"eltdf-icon-font-elegant arrow_right\" style=\"color: #44dda5;font-size: 35px\" ><\/span>\t<\/div>\r\n\t<p class=\"eltdf-il-text\" style=\"padding-left: 35px\">Estrategias financieras sostenibles.<\/p>\r\n<\/div><div class=\"eltdf-icon-list-holder\" >\r\n\t<div class=\"eltdf-il-icon-holder\">\r\n\t\t<span aria-hidden=\"true\" class=\"eltdf-icon-font-elegant arrow_right\" style=\"color: #44dda5;font-size: 35px\" ><\/span>\t<\/div>\r\n\t<p class=\"eltdf-il-text\" style=\"padding-left: 35px\">Metas y estrategias financieras.<\/p>\r\n<\/div><div class=\"eltdf-icon-list-holder\" >\r\n\t<div class=\"eltdf-il-icon-holder\">\r\n\t\t<span aria-hidden=\"true\" class=\"eltdf-icon-font-elegant arrow_right\" style=\"color: #44dda5;font-size: 35px\" ><\/span>\t<\/div>\r\n\t<p class=\"eltdf-il-text\" style=\"padding-left: 35px\">Valoraci\u00f3n de empresas.<\/p>\r\n<\/div><div class=\"eltdf-icon-list-holder\" >\r\n\t<div class=\"eltdf-il-icon-holder\">\r\n\t\t<span aria-hidden=\"true\" class=\"eltdf-icon-font-elegant arrow_right\" style=\"color: #44dda5;font-size: 35px\" ><\/span>\t<\/div>\r\n\t<p class=\"eltdf-il-text\" style=\"padding-left: 35px\">C\u00f3mo levantar dinero para mi proyecto.<\/p>\r\n<\/div><div class=\"eltdf-icon-list-holder\" >\r\n\t<div class=\"eltdf-il-icon-holder\">\r\n\t\t<span aria-hidden=\"true\" class=\"eltdf-icon-font-elegant arrow_right\" style=\"color: #44dda5;font-size: 35px\" ><\/span>\t<\/div>\r\n\t<p class=\"eltdf-il-text\" style=\"padding-left: 35px\">Fusi\u00f3n y adquisiciones.<\/p>\r\n<\/div><\/div><\/div><\/div><\/div><\/div><\/div><\/div><\/div><\/div><\/div><\/div><div class=\"vc_row wpb_row vc_row-fluid custom-button\" ><div class=\"wpb_column vc_column_container vc_col-sm-12\"><div class=\"vc_column-inner\"><div class=\"wpb_wrapper\"><div class=\"wpb_revslider_element wpb_content_element\">\n\t\t\t<!-- START Landing Bottom REVOLUTION SLIDER 6.3.1 --><p class=\"rs-p-wp-fix\"><\/p>\n\t\t\t<rs-module-wrap id=\"rev_slider_4_1_wrapper\" data-source=\"gallery\" style=\"background:transparent;padding:0;margin:0px auto;margin-top:0;margin-bottom:0;\">\n\t\t\t\t<rs-module id=\"rev_slider_4_1\" style=\"\" data-version=\"6.3.1\">\n\t\t\t\t\t<rs-slides>\n\t\t\t\t\t\t<rs-slide data-key=\"rs-6\" data-title=\"Slide\" data-anim=\"ei:d;eo:d;s:d;r:default;t:notransition;sl:d;\">\n\t\t\t\t\t\t\t<img src=\"\/\/avilaadvisors.com\/wp-content\/uploads\/2021\/04\/imagen-avila.jpg\" alt=\"avila\" title=\"imagen-avila\" width=\"2000\" height=\"639\" data-parallax=\"7\" class=\"rev-slidebg\" data-no-retina>\n<!--\n\t\t\t\t\t\t\t--><rs-layer\n\t\t\t\t\t\t\t\tid=\"slider-4-slide-6-layer-0\" \n\t\t\t\t\t\t\t\tdata-type=\"text\"\n\t\t\t\t\t\t\t\tdata-color=\"#ffffff||#3ad17f||#3ad17f||#3ad17f\"\n\t\t\t\t\t\t\t\tdata-rsp_ch=\"on\"\n\t\t\t\t\t\t\t\tdata-xy=\"x:c;xo:0,7px,8px,2px;y:m;yo:-73px,-96px,-64px,0;\"\n\t\t\t\t\t\t\t\tdata-text=\"w:nowrap,nowrap,nowrap,normal;s:29,21,23,19;l:70,70,55,23;fw:500,300,300,300;a:center,inherit,inherit,center;\"\n\t\t\t\t\t\t\t\tdata-dim=\"w:auto,auto,auto,245px;h:auto,auto,auto,111px;\"\n\t\t\t\t\t\t\t\tdata-basealign=\"slide\"\n\t\t\t\t\t\t\t\tdata-frame_0=\"y:50px;\"\n\t\t\t\t\t\t\t\tdata-frame_1=\"x:-2px;y:19px;e:power2.inOut;st:800;sp:700;sR:800;\"\n\t\t\t\t\t\t\t\tdata-frame_999=\"o:0;e:nothing;st:w;sp:700;sR:2500;\"\n\t\t\t\t\t\t\t\tstyle=\"z-index:11;font-family:Ubuntu;\"\n\t\t\t\t\t\t\t>Construyendo relaciones de confianza a largo plazo \n \n\t\t\t\t\t\t\t<\/rs-layer><!--\n\n\t\t\t\t\t\t\t--><rs-layer\n\t\t\t\t\t\t\t\tid=\"slider-4-slide-6-layer-3\" \n\t\t\t\t\t\t\t\tdata-type=\"text\"\n\t\t\t\t\t\t\t\tdata-color=\"rgba(255,255,255,1)\"\n\t\t\t\t\t\t\t\tdata-rsp_ch=\"on\"\n\t\t\t\t\t\t\t\tdata-xy=\"x:c;xo:0,2px,2px,0;y:m;yo:-98px,-110px,-83px,-64px;\"\n\t\t\t\t\t\t\t\tdata-text=\"w:nowrap,nowrap,nowrap,normal;s:29,21,23,19;l:70,70,55,23;fw:500,300,300,300;a:center,inherit,inherit,center;\"\n\t\t\t\t\t\t\t\tdata-dim=\"w:auto,auto,auto,259px;h:auto,auto,auto,80px;\"\n\t\t\t\t\t\t\t\tdata-basealign=\"slide\"\n\t\t\t\t\t\t\t\tdata-frame_0=\"y:50px;\"\n\t\t\t\t\t\t\t\tdata-frame_1=\"e:power2.inOut;st:100;sp:700;sR:800;\"\n\t\t\t\t\t\t\t\tdata-frame_999=\"o:0;e:nothing;st:w;sp:700;sR:2500;\"\n\t\t\t\t\t\t\t\tstyle=\"z-index:10;font-family:Ubuntu;\"\n\t\t\t\t\t\t\t>Programa tu consulta gratuita y sin compromiso  \n\t\t\t\t\t\t\t<\/rs-layer><!--\n\n\t\t\t\t\t\t\t--><rs-layer\n\t\t\t\t\t\t\t\tid=\"slider-4-slide-6-layer-4\" \n\t\t\t\t\t\t\t\tdata-type=\"image\"\n\t\t\t\t\t\t\t\tdata-rsp_ch=\"on\"\n\t\t\t\t\t\t\t\tdata-xy=\"x:c;xo:0,0,0,-2px;yo:251px,211px,258px,206px;\"\n\t\t\t\t\t\t\t\tdata-text=\"w:normal;s:20,12,9,4;l:0,15,11,6;\"\n\t\t\t\t\t\t\t\tdata-dim=\"w:136px,83px,127px,63px;h:3px,1px,2px,1px;\"\n\t\t\t\t\t\t\t\tdata-frame_999=\"o:0;st:w;\"\n\t\t\t\t\t\t\t\tstyle=\"z-index:14;\"\n\t\t\t\t\t\t\t> \n\t\t\t\t\t\t\t<\/rs-layer><!--\n\n\t\t\t\t\t\t\t--><a\n\t\t\t\t\t\t\t\tid=\"slider-4-slide-6-layer-6\" \n\t\t\t\t\t\t\t\tclass=\"rs-layer rev-btn\"\n\t\t\t\t\t\t\t\thref=\"https:\/\/calendly.com\/gustavopatino\" target=\"_blank\" rel=\"noopener\"\n\t\t\t\t\t\t\t\tdata-type=\"button\"\n\t\t\t\t\t\t\t\tdata-bsh=\"c:#461d7d;v:5px,4px,5px,3px;b:20px,16px,18px,14px;\"\n\t\t\t\t\t\t\t\tdata-rsp_ch=\"on\"\n\t\t\t\t\t\t\t\tdata-xy=\"x:c;xo:0,8px,0,0;yo:279px,236px,286px,223px;\"\n\t\t\t\t\t\t\t\tdata-text=\"w:normal;s:18,15,18,14;l:50,40,47,35;fw:500;a:center;\"\n\t\t\t\t\t\t\t\tdata-dim=\"w:180.922px,146px,171px,129px;minh:0px,none,none,none;\"\n\t\t\t\t\t\t\t\tdata-padding=\"r:40,33,39,30;l:40,33,39,30;\"\n\t\t\t\t\t\t\t\tdata-border=\"bor:5px,5px,5px,5px;\"\n\t\t\t\t\t\t\t\tdata-frame_0=\"x:0,0px,0px,0px;y:0,0px,0px,0px;\"\n\t\t\t\t\t\t\t\tdata-frame_1=\"x:0,0px,0px,0px;y:0,0px,0px,0px;\"\n\t\t\t\t\t\t\t\tdata-frame_999=\"o:0;st:w;\"\n\t\t\t\t\t\t\t\tdata-frame_hover=\"bgc:#007aff;bor:5px,5px,5px,5px;e:power1.inOut;bri:120%;\"\n\t\t\t\t\t\t\t\tstyle=\"z-index:15;background:linear-gradient(181deg, rgba(58,209,127,1) 0%, rgba(58,209,127,1) 6.67%, rgba(58,209,127,1) 13.34%, rgba(58,209,127,1) 20.01%, rgba(58,209,127,1) 26.68%, rgba(58,209,127,1) 33.35%, rgba(58,209,127,1) 40.02%, rgba(58,209,127,1) 46.69%, rgba(58,209,127,1) 53.36%, rgba(58,209,127,1) 60.03%, rgba(58,209,127,1) 66.70%, rgba(58,209,127,1) 73.37%, rgba(58,209,127,1) 80.04%, rgba(58,209,127,1) 86.71%, rgba(58,209,127,1) 93.38%, rgba(58,209,127,1) 100%);font-family:Roboto;\"\n\t\t\t\t\t\t\t>Cont\u00e1ctanos \n\t\t\t\t\t\t\t<\/a><!--\n-->\t\t\t\t\t\t<\/rs-slide>\n\t\t\t\t\t<\/rs-slides>\n\t\t\t\t<\/rs-module>\n\t\t\t\t<script type=\"text\/javascript\">\n\t\t\t\t\tsetREVStartSize({c: 'rev_slider_4_1',rl:[1240,1024,778,480],el:[500,500,500,300],gw:[1300,800,600,300],gh:[500,500,500,300],type:'hero',justify:'',layout:'fullwidth',mh:\"0\"});\n\t\t\t\t\tvar\trevapi4,\n\t\t\t\t\t\ttpj;\n\t\t\t\t\tfunction revinit_revslider41() {\n\t\t\t\t\tjQuery(function() {\n\t\t\t\t\t\ttpj = jQuery;\n\t\t\t\t\t\trevapi4 = tpj(\"#rev_slider_4_1\");\n\t\t\t\t\t\tif(revapi4==undefined || revapi4.revolution == undefined){\n\t\t\t\t\t\t\trevslider_showDoubleJqueryError(\"rev_slider_4_1\");\n\t\t\t\t\t\t}else{\n\t\t\t\t\t\t\trevapi4.revolution({\n\t\t\t\t\t\t\t\tsliderType:\"hero\",\n\t\t\t\t\t\t\t\tsliderLayout:\"fullwidth\",\n\t\t\t\t\t\t\t\tduration:\"1000ms\",\n\t\t\t\t\t\t\t\tvisibilityLevels:\"1240,1024,778,480\",\n\t\t\t\t\t\t\t\tgridwidth:\"1300,800,600,300\",\n\t\t\t\t\t\t\t\tgridheight:\"500,500,500,300\",\n\t\t\t\t\t\t\t\tperspective:600,\n\t\t\t\t\t\t\t\tperspectiveType:\"local\",\n\t\t\t\t\t\t\t\teditorheight:\"500,500,500,300\",\n\t\t\t\t\t\t\t\tresponsiveLevels:\"1240,1024,778,480\",\n\t\t\t\t\t\t\t\tprogressBar:{disableProgressBar:true},\n\t\t\t\t\t\t\t\tnavigation: {\n\t\t\t\t\t\t\t\t\tonHoverStop:false\n\t\t\t\t\t\t\t\t},\n\t\t\t\t\t\t\t\tparallax: {\n\t\t\t\t\t\t\t\t\tlevels:[5,10,15,20,25,30,35,40,45,46,47,48,49,50,51,55],\n\t\t\t\t\t\t\t\t\ttype:\"mouse\"\n\t\t\t\t\t\t\t\t},\n\t\t\t\t\t\t\t\tviewPort: {\n\t\t\t\t\t\t\t\t\tenable:true,\n\t\t\t\t\t\t\t\t\tvisible_area:\"1%\",\n\t\t\t\t\t\t\t\t\tpresize:true\n\t\t\t\t\t\t\t\t},\n\t\t\t\t\t\t\t\tfallbacks: {\n\t\t\t\t\t\t\t\t\tallowHTML5AutoPlayOnAndroid:true\n\t\t\t\t\t\t\t\t},\n\t\t\t\t\t\t\t});\n\t\t\t\t\t\t}\n\t\t\t\t\t\t\n\t\t\t\t\t});\n\t\t\t\t\t} \/\/ End of RevInitScript\n\t\t\t\tvar once_revslider41 = false;\n\t\t\t\tif (document.readyState === \"loading\") {document.addEventListener('readystatechange',function() { if((document.readyState === \"interactive\" || document.readyState === \"complete\") && !once_revslider41 ) { once_revslider41 = true; revinit_revslider41();}});} else {once_revslider41 = true; revinit_revslider41();}\n\t\t\t\t<\/script>\n\t\t\t<\/rs-module-wrap>\n\t\t\t<!-- END REVOLUTION SLIDER -->\n<\/div><\/div><\/div><\/div><\/div>","protected":false},"excerpt":{"rendered":"Wealth Management Investment accounts to buy\/sell securities in the stock markets. Moving your portfolio between financial institutions. Investment strategies &amp; risk mitigation. Assistance on Asset Allocation &amp; Portfolio Construction. Performance [...]","protected":false},"author":1,"featured_media":0,"parent":0,"menu_order":0,"comment_status":"closed","ping_status":"closed","template":"full-width.php","meta":[],"_links":{"self":[{"href":"https:\/\/avilaadvisors.com\/es\/wp-json\/wp\/v2\/pages\/14793"}],"collection":[{"href":"https:\/\/avilaadvisors.com\/es\/wp-json\/wp\/v2\/pages"}],"about":[{"href":"https:\/\/avilaadvisors.com\/es\/wp-json\/wp\/v2\/types\/page"}],"author":[{"embeddable":true,"href":"https:\/\/avilaadvisors.com\/es\/wp-json\/wp\/v2\/users\/1"}],"replies":[{"embeddable":true,"href":"https:\/\/avilaadvisors.com\/es\/wp-json\/wp\/v2\/comments?post=14793"}],"version-history":[{"count":53,"href":"https:\/\/avilaadvisors.com\/es\/wp-json\/wp\/v2\/pages\/14793\/revisions"}],"predecessor-version":[{"id":15356,"href":"https:\/\/avilaadvisors.com\/es\/wp-json\/wp\/v2\/pages\/14793\/revisions\/15356"}],"wp:attachment":[{"href":"https:\/\/avilaadvisors.com\/es\/wp-json\/wp\/v2\/media?parent=14793"}],"curies":[{"name":"wp","href":"https:\/\/api.w.org\/{rel}","templated":true}]}}