

{"id":8776,"date":"2017-02-07T14:34:47","date_gmt":"2017-02-07T14:34:47","guid":{"rendered":"http:\/\/ukiyo.select-themes.com\/?page_id=8776"},"modified":"2021-04-14T20:26:32","modified_gmt":"2021-04-14T23:26:32","slug":"faq","status":"publish","type":"page","link":"https:\/\/avilaadvisors.com\/es\/faq\/","title":{"rendered":"FAQ"},"content":{"rendered":"<div class=\"eltdf-row-grid-section-wrapper eltdf-content-aligment-left\"  ><div class=\"eltdf-row-grid-section\"><div class=\"vc_row wpb_row vc_row-fluid vc_custom_1616453899402 eltdf-content-aligment-left\" ><div class=\"wpb_column vc_column_container vc_col-sm-3\"><div class=\"vc_column-inner\"><div class=\"wpb_wrapper\"><\/div><\/div><\/div><div class=\"wpb_column vc_column_container vc_col-sm-6\"><div class=\"vc_column-inner\"><div class=\"wpb_wrapper\">\r\n\t<div class=\"wpb_text_column wpb_content_element  titulosavila\" >\r\n\t\t<div class=\"wpb_wrapper\">\r\n\t\t\t<p style=\"text-align: center;\">Preguntas frecuentes<\/p>\n<div class=\"linavi\" style=\"text-align: center;\"><img class=\"alignnone size-full wp-image-14682\" src=\"https:\/\/avilaadvisors.com\/wp-content\/uploads\/2021\/03\/LINEA.png\" alt=\"\" width=\"100\" srcset=\"https:\/\/avilaadvisors.com\/wp-content\/uploads\/2021\/03\/LINEA.png 158w, https:\/\/avilaadvisors.com\/wp-content\/uploads\/2021\/03\/LINEA-150x3.png 150w, https:\/\/avilaadvisors.com\/wp-content\/uploads\/2021\/03\/LINEA-16x1.png 16w, https:\/\/avilaadvisors.com\/wp-content\/uploads\/2021\/03\/LINEA-100x3.png 100w\" sizes=\"(max-width: 158px) 100vw, 158px\" \/><\/div>\n\r\n\t\t<\/div>\r\n\t<\/div>\r\n<div class=\"vc_row wpb_row vc_inner vc_row-fluid\"><div class=\"wpb_column vc_column_container vc_col-sm-6\"><div class=\"vc_column-inner\"><div class=\"wpb_wrapper\"><div class=\"vc_btn3-container vc_btn3-right\" ><a class=\"vc_general vc_btn3 vc_btn3-size-md vc_btn3-shape-rounded vc_btn3-style-modern vc_btn3-icon-right vc_btn3-color-grey\" href=\"https:\/\/avilaadvisors.com\/es\/investment-portfolios\/\" title=\"\">Portafolios de Inversi\u00f3n <i class=\"vc_btn3-icon fas fa-arrow-right\"><\/i><\/a><\/div><\/div><\/div><\/div><div class=\"wpb_column vc_column_container vc_col-sm-6\"><div class=\"vc_column-inner\"><div class=\"wpb_wrapper\"><div class=\"vc_btn3-container  azulbo azulbo vc_btn3-left\" ><a class=\"vc_general vc_btn3 vc_btn3-size-md vc_btn3-shape-rounded vc_btn3-style-modern vc_btn3-icon-right vc_btn3-color-grey\" href=\"https:\/\/avilaadvisors.com\/es\/addl-services\/\" title=\"\">Servicios <i class=\"vc_btn3-icon fas fa-arrow-right\"><\/i><\/a><\/div><\/div><\/div><\/div><\/div><\/div><\/div><\/div><div class=\"wpb_column vc_column_container vc_col-sm-3\"><div class=\"vc_column-inner\"><div class=\"wpb_wrapper\"><\/div><\/div><\/div><\/div><\/div><\/div><div class=\"vc_row wpb_row vc_row-fluid vc_custom_1616453990700\" ><div class=\"wpb_column vc_column_container vc_col-sm-3\"><div class=\"vc_column-inner\"><div class=\"wpb_wrapper\"><\/div><\/div><\/div><div class=\"prefa wpb_column vc_column_container vc_col-sm-6\"><div class=\"vc_column-inner\"><div class=\"wpb_wrapper\"><div class=\"eltdf-accordion-holder clearfix eltdf-ac-default eltdf-accordion\">\r\n\t<h5 class=\"eltdf-title-holder\">\r\n    <span class=\"eltdf-accordion-mark\">\r\n\t\t<i class=\"fa fa-plus\" aria-hidden=\"true\"><\/i>\r\n\t\t<i class=\"fa fa-minus\" aria-hidden=\"true\"><\/i>\r\n\t<\/span>\r\n\t<span class=\"eltdf-tab-title\">?<\/span>\r\n<\/h5>\r\n<div class=\"eltdf-accordion-content\">\r\n\t<div class=\"eltdf-accordion-content-inner\">\r\n\t\t\r\n\t<div class=\"wpb_text_column wpb_content_element  acofqa\" >\r\n\t\t<div class=\"wpb_wrapper\">\r\n\t\t\t\r\n\t\t<\/div>\r\n\t<\/div>\r\n\t<\/div>\r\n<\/div><h5 class=\"eltdf-title-holder\">\r\n    <span class=\"eltdf-accordion-mark\">\r\n\t\t<i class=\"fa fa-plus\" aria-hidden=\"true\"><\/i>\r\n\t\t<i class=\"fa fa-minus\" aria-hidden=\"true\"><\/i>\r\n\t<\/span>\r\n\t<span class=\"eltdf-tab-title\">\u00bfCu\u00e1nto dinero necesito para empezar a invertir?<\/span>\r\n<\/h5>\r\n<div class=\"eltdf-accordion-content\">\r\n\t<div class=\"eltdf-accordion-content-inner\">\r\n\t\t\r\n\t<div class=\"wpb_text_column wpb_content_element  acofqa\" >\r\n\t\t<div class=\"wpb_wrapper\">\r\n\t\t\t<p>En promedio, nuestros clientes tienen cuentas de inversi\u00f3n en portafolios por + - USD$ 1 mill\u00f3n. Sin embargo, tenemos acuerdos con algunas de las instituciones financieras m\u00e1s importantes de EE.UU. como Interactive Brokers o Charles Schwab que nos permite administrar cuentas de inversi\u00f3n sin requisitos de monto m\u00ednimo. Para hacer esas inversiones m\u00e1s eficientes, recomendamos iniciar tu cuenta de inversiones con al menos USS $ 100.000  (si eres una persona residente fuera de EEUU) o USS$ 50.000 (si eres ciudadano o residente de los EE.UU.).<br \/>\nInstituciones financieras tradicionalmente  comunes requieren montos m\u00e1s altos para abrir cuentas de inversi\u00f3n, esos montos var\u00edan seg\u00fan el perfil del cliente. Es importante destacar que, contamos con excelentes alianzas con algunas de las firmas m\u00e1s famosas para gestionar inversiones de forma econ\u00f3mica y eficiente en comparaci\u00f3n con lo que normalmente los clientes pueden alcanzar de forma individual.<\/p>\n\r\n\t\t<\/div>\r\n\t<\/div>\r\n\t<\/div>\r\n<\/div><h5 class=\"eltdf-title-holder\">\r\n    <span class=\"eltdf-accordion-mark\">\r\n\t\t<i class=\"fa fa-plus\" aria-hidden=\"true\"><\/i>\r\n\t\t<i class=\"fa fa-minus\" aria-hidden=\"true\"><\/i>\r\n\t<\/span>\r\n\t<span class=\"eltdf-tab-title\">Soy residente de Am\u00e9rica Latina o Europa; \u00bfPuedo abrir una cuenta de inversiones?<\/span>\r\n<\/h5>\r\n<div class=\"eltdf-accordion-content\">\r\n\t<div class=\"eltdf-accordion-content-inner\">\r\n\t\t\r\n\t<div class=\"wpb_text_column wpb_content_element\" >\r\n\t\t<div class=\"wpb_wrapper\">\r\n\t\t\t<p>S\u00ed, tu nacionalidad o pa\u00eds de residencia no es una limitaci\u00f3n para nosotros, podemos trabajar con ciudadanos o residentes de Latinoam\u00e9rica, Europa y por supuesto Estados Unidos.<\/p>\n\r\n\t\t<\/div>\r\n\t<\/div>\r\n\t<\/div>\r\n<\/div><h5 class=\"eltdf-title-holder\">\r\n    <span class=\"eltdf-accordion-mark\">\r\n\t\t<i class=\"fa fa-plus\" aria-hidden=\"true\"><\/i>\r\n\t\t<i class=\"fa fa-minus\" aria-hidden=\"true\"><\/i>\r\n\t<\/span>\r\n\t<span class=\"eltdf-tab-title\">\u00bfC\u00f3mo se gestionar\u00e1n mis inversiones?<\/span>\r\n<\/h5>\r\n<div class=\"eltdf-accordion-content\">\r\n\t<div class=\"eltdf-accordion-content-inner\">\r\n\t\t\r\n\t<div class=\"wpb_text_column wpb_content_element\" >\r\n\t\t<div class=\"wpb_wrapper\">\r\n\t\t\t<p class=\"p1\"><span class=\"s1\">Realizaremos un an\u00e1lisis de tu apetito de riesgo, situaci\u00f3n financiera actual, perfil y metas financieras, en base a esos par\u00e1metros dise\u00f1aremos una propuesta de inversi\u00f3n adaptada a tus necesidades, y una vez definida de manera conjunta la estrategia a seguir, las inversiones iniciales ser\u00e1n un hecho.  \nPosteriormente y en forma peri\u00f3dica,  realizaremos revisiones y ajustes a tu Portafolio de Inversiones en funci\u00f3n de las condiciones del mercado y tus objetivos de inversi\u00f3n.<\/span><\/p>\n<p class=\"p1\"><span class=\"s1\">Puedes tomar un papel protagonista en tu Portafolio (gesti\u00f3n no discrecional), estableciendo estrategias seg\u00fan tus objetivos individuales o dejar en nuestras manos el reposicionamiento de la Portafolio seg\u00fan las condiciones del mercado (Portafolio Discrecional); en todo caso siempre recibir\u00e1s asesoramiento nuestro apoyo profesional y veh\u00edculos rentables.<\/span><\/p>\n\r\n\t\t<\/div>\r\n\t<\/div>\r\n\t<\/div>\r\n<\/div><h5 class=\"eltdf-title-holder\">\r\n    <span class=\"eltdf-accordion-mark\">\r\n\t\t<i class=\"fa fa-plus\" aria-hidden=\"true\"><\/i>\r\n\t\t<i class=\"fa fa-minus\" aria-hidden=\"true\"><\/i>\r\n\t<\/span>\r\n\t<span class=\"eltdf-tab-title\">\u00bfCu\u00e1l es el costo de este servicio?<\/span>\r\n<\/h5>\r\n<div class=\"eltdf-accordion-content\">\r\n\t<div class=\"eltdf-accordion-content-inner\">\r\n\t\t\r\n\t<div class=\"wpb_text_column wpb_content_element\" >\r\n\t\t<div class=\"wpb_wrapper\">\r\n\t\t\t<p>Las tarifas fijas y transparentes son una de nuestras principales fortalezas, ya que no dependemos de estructuras burocr\u00e1ticas, ni tenemos el conflicto de intereses que muchas veces surge de las grandes instituciones financieras al establecer metas de ventas para sus asesores de inversi\u00f3n. Nuestras tarifas se basan en una estrategia de beneficio mutuo y comienzan en el orden del 1,21% - 2% en funci\u00f3n de los activos administrados anuales.\nEste menor costo en la administraci\u00f3n de tus inversiones, que se traduce en mejores retornos de los Portafolios de nuestros clientes, proviene de la eficiencia que se obtiene al contar con las licencias necesarias para acceder directamente a los sistemas de inversi\u00f3n y mesas de operaciones m\u00e1s importantes del mundo.<br \/>\nEliminamos los costos de los intermediarios permitiendo a nuestros clientes acceder a precios competitivos directamente desde la mesa de operaciones, sin agregar costos adicionales a las tarifas transparentes ya acordadas.<\/p>\n\r\n\t\t<\/div>\r\n\t<\/div>\r\n\t<\/div>\r\n<\/div><h5 class=\"eltdf-title-holder\">\r\n    <span class=\"eltdf-accordion-mark\">\r\n\t\t<i class=\"fa fa-plus\" aria-hidden=\"true\"><\/i>\r\n\t\t<i class=\"fa fa-minus\" aria-hidden=\"true\"><\/i>\r\n\t<\/span>\r\n\t<span class=\"eltdf-tab-title\">\u00bfCu\u00e1l es la diferencia entre administrar mi dinero con ustedes o directamente con un banco o empresa de servicios financieros tradicionales?<\/span>\r\n<\/h5>\r\n<div class=\"eltdf-accordion-content\">\r\n\t<div class=\"eltdf-accordion-content-inner\">\r\n\t\t\r\n\t<div class=\"wpb_text_column wpb_content_element\" >\r\n\t\t<div class=\"wpb_wrapper\">\r\n\t\t\t<p>Con los avances tecnol\u00f3gicos de hoy en d\u00eda, el acceso a la informaci\u00f3n profesional sobre los mercados se ha vuelto mas eficiente y, las herramientas de negociaci\u00f3n de vanguardia son m\u00e1s accesibles. \n\nLa principal diferencia est\u00e1 basada en nuestra independencia y responsabilidad fiduciaria, esto significa que como Asesores de Inversi\u00f3n no recibimos compensaci\u00f3n de ninguna instituci\u00f3n financiera, fondos de inversi\u00f3n o estamos sujetos a cumplir con las metas de ventas, por lo que no existen conflictos de inter\u00e9s en los productos que nuestros asesores te lo ofrecer\u00e1n, ya que estar\u00e1n enfocados a tus necesidades y condiciones especiales, no a metas de ventas.\n\nTratamos a nuestros clientes como miembros de la familia y  enfocamos nuestra estrategia en un beneficio mutuo que proporcione relaciones a largo plazo.<\/p>\n\r\n\t\t<\/div>\r\n\t<\/div>\r\n\t<\/div>\r\n<\/div><h5 class=\"eltdf-title-holder\">\r\n    <span class=\"eltdf-accordion-mark\">\r\n\t\t<i class=\"fa fa-plus\" aria-hidden=\"true\"><\/i>\r\n\t\t<i class=\"fa fa-minus\" aria-hidden=\"true\"><\/i>\r\n\t<\/span>\r\n\t<span class=\"eltdf-tab-title\">\u00bfPodr\u00e9 retirar dinero cuando quiera?<\/span>\r\n<\/h5>\r\n<div class=\"eltdf-accordion-content\">\r\n\t<div class=\"eltdf-accordion-content-inner\">\r\n\t\t\r\n\t<div class=\"wpb_text_column wpb_content_element\" >\r\n\t\t<div class=\"wpb_wrapper\">\r\n\t\t\t<p>S\u00ed, puedes realizar transferencias o retiros dentro de tu cuenta bancaria y cuenta de inversi\u00f3n en funci\u00f3n de los saldos de efectivo disponibles que tengas en tu portafolio.<br \/>\nRecomendamos a nuestros clientes definir una estrategia de inversi\u00f3n con un horizonte de mediano a largo plazo, esto reduce el efecto negativo que la volatilidad puede generar en el corto plazo en los mercados financieros.<\/p>\n\r\n\t\t<\/div>\r\n\t<\/div>\r\n\t<\/div>\r\n<\/div><h5 class=\"eltdf-title-holder\">\r\n    <span class=\"eltdf-accordion-mark\">\r\n\t\t<i class=\"fa fa-plus\" aria-hidden=\"true\"><\/i>\r\n\t\t<i class=\"fa fa-minus\" aria-hidden=\"true\"><\/i>\r\n\t<\/span>\r\n\t<span class=\"eltdf-tab-title\">\u00bfPueden los representantes de Avila Advisors LLC retirar dinero de mi cuenta?<\/span>\r\n<\/h5>\r\n<div class=\"eltdf-accordion-content\">\r\n\t<div class=\"eltdf-accordion-content-inner\">\r\n\t\t\r\n\t<div class=\"wpb_text_column wpb_content_element\" >\r\n\t\t<div class=\"wpb_wrapper\">\r\n\t\t\t<p>No, estamos regulados por diferentes entidades en los Estados Unidos y el marco legal nos imposibilita retirar dinero de tu cuenta o mezclar tus inversiones con las nuestras.<br \/>\nNo tenemos la custodia de tu dinero o inversiones, solo una autorizaci\u00f3n para ejecutar tus operaciones basadas en nuestro asesoramiento o tu solicitud. El Portafolio se mantiene en una instituci\u00f3n financiera de los EE.UU. y est\u00e1 bajo el paraguas de las regulaciones financieras de este pa\u00eds.<br \/>\nEstas instituciones financieras te proporcionar\u00e1n sistemas de consulta en l\u00ednea para ver tus inversiones, estados de cuenta e informes en tiempo real.<\/p>\n\r\n\t\t<\/div>\r\n\t<\/div>\r\n\t<\/div>\r\n<\/div><h5 class=\"eltdf-title-holder\">\r\n    <span class=\"eltdf-accordion-mark\">\r\n\t\t<i class=\"fa fa-plus\" aria-hidden=\"true\"><\/i>\r\n\t\t<i class=\"fa fa-minus\" aria-hidden=\"true\"><\/i>\r\n\t<\/span>\r\n\t<span class=\"eltdf-tab-title\">\u00bfQu\u00e9 es una boutique financiera o un Family Office?<\/span>\r\n<\/h5>\r\n<div class=\"eltdf-accordion-content\">\r\n\t<div class=\"eltdf-accordion-content-inner\">\r\n\t\t\r\n\t<div class=\"wpb_text_column wpb_content_element\" >\r\n\t\t<div class=\"wpb_wrapper\">\r\n\t\t\t<p>Los Family Offices son empresas privadas dedicadas a brindar asesor\u00eda sobre el patrimonio familiar o empresarial. Nuestro objetivo de servicio se basa en la gesti\u00f3n patrimonial y financiera con eficiencia fiscal, ayudando a nuestros clientes a cumplir sus metas financieras con veh\u00edculos y estrategias eficientes.<\/p>\n\r\n\t\t<\/div>\r\n\t<\/div>\r\n\t<\/div>\r\n<\/div><h5 class=\"eltdf-title-holder\">\r\n    <span class=\"eltdf-accordion-mark\">\r\n\t\t<i class=\"fa fa-plus\" aria-hidden=\"true\"><\/i>\r\n\t\t<i class=\"fa fa-minus\" aria-hidden=\"true\"><\/i>\r\n\t<\/span>\r\n\t<span class=\"eltdf-tab-title\">\u00bfEst\u00e1n regulados por el gobierno de los EE.UU.? \u00bfEst\u00e1n mis fondos seguros si los invierto usando sus servicios?<\/span>\r\n<\/h5>\r\n<div class=\"eltdf-accordion-content\">\r\n\t<div class=\"eltdf-accordion-content-inner\">\r\n\t\t\r\n\t<div class=\"wpb_text_column wpb_content_element\" >\r\n\t\t<div class=\"wpb_wrapper\">\r\n\t\t\t<p>Estamos regulados y supervisados por el gobierno de los EE.UU. y sus leyes, la informaci\u00f3n de nuestros asesores financieros y la empresa se puede encontrar en la \"Autoridad Reguladora de la Industria Financiera\" (FINRA) https:\/\/brokercheck.finra.org\/ y en la Bolsa de Valores. Comisi\u00f3n https: \/\/adviserinfo.sec.gov\/.<br \/>\nLas instituciones financieras que hemos elegido para mantener la custodia de tu Portafolio de Inversiones est\u00e1n cubiertas por las pol\u00edticas de la Securities Investor Protection Corporation (SIPC), que protege a los clientes de sus miembros hasta por US$ 500,000 (incluidos US$ 250,000 para reclamos por efectivo). Folleto explicativo disponible a pedido o en www.sipc.org.<\/p>\n\r\n\t\t<\/div>\r\n\t<\/div>\r\n\t<\/div>\r\n<\/div><\/div><\/div><\/div><\/div><div class=\"wpb_column vc_column_container vc_col-sm-3\"><div class=\"vc_column-inner\"><div class=\"wpb_wrapper\"><\/div><\/div><\/div><\/div><div class=\"vc_row wpb_row vc_row-fluid custom-button\" ><div class=\"wpb_column vc_column_container vc_col-sm-12\"><div class=\"vc_column-inner\"><div class=\"wpb_wrapper\"><div class=\"wpb_revslider_element wpb_content_element\">\n\t\t\t<!-- START Landing Bottom REVOLUTION SLIDER 6.3.1 --><p class=\"rs-p-wp-fix\"><\/p>\n\t\t\t<rs-module-wrap id=\"rev_slider_4_1_wrapper\" data-source=\"gallery\" style=\"background:transparent;padding:0;margin:0px auto;margin-top:0;margin-bottom:0;\">\n\t\t\t\t<rs-module id=\"rev_slider_4_1\" style=\"\" data-version=\"6.3.1\">\n\t\t\t\t\t<rs-slides>\n\t\t\t\t\t\t<rs-slide data-key=\"rs-6\" data-title=\"Slide\" data-anim=\"ei:d;eo:d;s:d;r:default;t:notransition;sl:d;\">\n\t\t\t\t\t\t\t<img src=\"\/\/avilaadvisors.com\/wp-content\/uploads\/2021\/04\/imagen-avila.jpg\" alt=\"avila\" title=\"imagen-avila\" width=\"2000\" height=\"639\" data-parallax=\"7\" class=\"rev-slidebg\" data-no-retina>\n<!--\n\t\t\t\t\t\t\t--><rs-layer\n\t\t\t\t\t\t\t\tid=\"slider-4-slide-6-layer-0\" \n\t\t\t\t\t\t\t\tdata-type=\"text\"\n\t\t\t\t\t\t\t\tdata-color=\"#ffffff||#3ad17f||#3ad17f||#3ad17f\"\n\t\t\t\t\t\t\t\tdata-rsp_ch=\"on\"\n\t\t\t\t\t\t\t\tdata-xy=\"x:c;xo:0,7px,8px,2px;y:m;yo:-73px,-96px,-64px,0;\"\n\t\t\t\t\t\t\t\tdata-text=\"w:nowrap,nowrap,nowrap,normal;s:29,21,23,19;l:70,70,55,23;fw:500,300,300,300;a:center,inherit,inherit,center;\"\n\t\t\t\t\t\t\t\tdata-dim=\"w:auto,auto,auto,245px;h:auto,auto,auto,111px;\"\n\t\t\t\t\t\t\t\tdata-basealign=\"slide\"\n\t\t\t\t\t\t\t\tdata-frame_0=\"y:50px;\"\n\t\t\t\t\t\t\t\tdata-frame_1=\"x:-2px;y:19px;e:power2.inOut;st:800;sp:700;sR:800;\"\n\t\t\t\t\t\t\t\tdata-frame_999=\"o:0;e:nothing;st:w;sp:700;sR:2500;\"\n\t\t\t\t\t\t\t\tstyle=\"z-index:11;font-family:Ubuntu;\"\n\t\t\t\t\t\t\t>Construyendo relaciones de confianza a largo plazo \n \n\t\t\t\t\t\t\t<\/rs-layer><!--\n\n\t\t\t\t\t\t\t--><rs-layer\n\t\t\t\t\t\t\t\tid=\"slider-4-slide-6-layer-3\" \n\t\t\t\t\t\t\t\tdata-type=\"text\"\n\t\t\t\t\t\t\t\tdata-color=\"rgba(255,255,255,1)\"\n\t\t\t\t\t\t\t\tdata-rsp_ch=\"on\"\n\t\t\t\t\t\t\t\tdata-xy=\"x:c;xo:0,2px,2px,0;y:m;yo:-98px,-110px,-83px,-64px;\"\n\t\t\t\t\t\t\t\tdata-text=\"w:nowrap,nowrap,nowrap,normal;s:29,21,23,19;l:70,70,55,23;fw:500,300,300,300;a:center,inherit,inherit,center;\"\n\t\t\t\t\t\t\t\tdata-dim=\"w:auto,auto,auto,259px;h:auto,auto,auto,80px;\"\n\t\t\t\t\t\t\t\tdata-basealign=\"slide\"\n\t\t\t\t\t\t\t\tdata-frame_0=\"y:50px;\"\n\t\t\t\t\t\t\t\tdata-frame_1=\"e:power2.inOut;st:100;sp:700;sR:800;\"\n\t\t\t\t\t\t\t\tdata-frame_999=\"o:0;e:nothing;st:w;sp:700;sR:2500;\"\n\t\t\t\t\t\t\t\tstyle=\"z-index:10;font-family:Ubuntu;\"\n\t\t\t\t\t\t\t>Programa tu consulta gratuita y sin compromiso  \n\t\t\t\t\t\t\t<\/rs-layer><!--\n\n\t\t\t\t\t\t\t--><rs-layer\n\t\t\t\t\t\t\t\tid=\"slider-4-slide-6-layer-4\" \n\t\t\t\t\t\t\t\tdata-type=\"image\"\n\t\t\t\t\t\t\t\tdata-rsp_ch=\"on\"\n\t\t\t\t\t\t\t\tdata-xy=\"x:c;xo:0,0,0,-2px;yo:251px,211px,258px,206px;\"\n\t\t\t\t\t\t\t\tdata-text=\"w:normal;s:20,12,9,4;l:0,15,11,6;\"\n\t\t\t\t\t\t\t\tdata-dim=\"w:136px,83px,127px,63px;h:3px,1px,2px,1px;\"\n\t\t\t\t\t\t\t\tdata-frame_999=\"o:0;st:w;\"\n\t\t\t\t\t\t\t\tstyle=\"z-index:14;\"\n\t\t\t\t\t\t\t> \n\t\t\t\t\t\t\t<\/rs-layer><!--\n\n\t\t\t\t\t\t\t--><a\n\t\t\t\t\t\t\t\tid=\"slider-4-slide-6-layer-6\" \n\t\t\t\t\t\t\t\tclass=\"rs-layer rev-btn\"\n\t\t\t\t\t\t\t\thref=\"https:\/\/calendly.com\/gustavopatino\" target=\"_blank\" rel=\"noopener\"\n\t\t\t\t\t\t\t\tdata-type=\"button\"\n\t\t\t\t\t\t\t\tdata-bsh=\"c:#461d7d;v:5px,4px,5px,3px;b:20px,16px,18px,14px;\"\n\t\t\t\t\t\t\t\tdata-rsp_ch=\"on\"\n\t\t\t\t\t\t\t\tdata-xy=\"x:c;xo:0,8px,0,0;yo:279px,236px,286px,223px;\"\n\t\t\t\t\t\t\t\tdata-text=\"w:normal;s:18,15,18,14;l:50,40,47,35;fw:500;a:center;\"\n\t\t\t\t\t\t\t\tdata-dim=\"w:180.922px,146px,171px,129px;minh:0px,none,none,none;\"\n\t\t\t\t\t\t\t\tdata-padding=\"r:40,33,39,30;l:40,33,39,30;\"\n\t\t\t\t\t\t\t\tdata-border=\"bor:5px,5px,5px,5px;\"\n\t\t\t\t\t\t\t\tdata-frame_0=\"x:0,0px,0px,0px;y:0,0px,0px,0px;\"\n\t\t\t\t\t\t\t\tdata-frame_1=\"x:0,0px,0px,0px;y:0,0px,0px,0px;\"\n\t\t\t\t\t\t\t\tdata-frame_999=\"o:0;st:w;\"\n\t\t\t\t\t\t\t\tdata-frame_hover=\"bgc:#007aff;bor:5px,5px,5px,5px;e:power1.inOut;bri:120%;\"\n\t\t\t\t\t\t\t\tstyle=\"z-index:15;background:linear-gradient(181deg, rgba(58,209,127,1) 0%, rgba(58,209,127,1) 6.67%, rgba(58,209,127,1) 13.34%, rgba(58,209,127,1) 20.01%, rgba(58,209,127,1) 26.68%, rgba(58,209,127,1) 33.35%, rgba(58,209,127,1) 40.02%, rgba(58,209,127,1) 46.69%, rgba(58,209,127,1) 53.36%, rgba(58,209,127,1) 60.03%, rgba(58,209,127,1) 66.70%, rgba(58,209,127,1) 73.37%, rgba(58,209,127,1) 80.04%, rgba(58,209,127,1) 86.71%, rgba(58,209,127,1) 93.38%, rgba(58,209,127,1) 100%);font-family:Roboto;\"\n\t\t\t\t\t\t\t>Cont\u00e1ctanos \n\t\t\t\t\t\t\t<\/a><!--\n-->\t\t\t\t\t\t<\/rs-slide>\n\t\t\t\t\t<\/rs-slides>\n\t\t\t\t<\/rs-module>\n\t\t\t\t<script type=\"text\/javascript\">\n\t\t\t\t\tsetREVStartSize({c: 'rev_slider_4_1',rl:[1240,1024,778,480],el:[500,500,500,300],gw:[1300,800,600,300],gh:[500,500,500,300],type:'hero',justify:'',layout:'fullwidth',mh:\"0\"});\n\t\t\t\t\tvar\trevapi4,\n\t\t\t\t\t\ttpj;\n\t\t\t\t\tfunction revinit_revslider41() {\n\t\t\t\t\tjQuery(function() {\n\t\t\t\t\t\ttpj = jQuery;\n\t\t\t\t\t\trevapi4 = tpj(\"#rev_slider_4_1\");\n\t\t\t\t\t\tif(revapi4==undefined || revapi4.revolution == undefined){\n\t\t\t\t\t\t\trevslider_showDoubleJqueryError(\"rev_slider_4_1\");\n\t\t\t\t\t\t}else{\n\t\t\t\t\t\t\trevapi4.revolution({\n\t\t\t\t\t\t\t\tsliderType:\"hero\",\n\t\t\t\t\t\t\t\tsliderLayout:\"fullwidth\",\n\t\t\t\t\t\t\t\tduration:\"1000ms\",\n\t\t\t\t\t\t\t\tvisibilityLevels:\"1240,1024,778,480\",\n\t\t\t\t\t\t\t\tgridwidth:\"1300,800,600,300\",\n\t\t\t\t\t\t\t\tgridheight:\"500,500,500,300\",\n\t\t\t\t\t\t\t\tperspective:600,\n\t\t\t\t\t\t\t\tperspectiveType:\"local\",\n\t\t\t\t\t\t\t\teditorheight:\"500,500,500,300\",\n\t\t\t\t\t\t\t\tresponsiveLevels:\"1240,1024,778,480\",\n\t\t\t\t\t\t\t\tprogressBar:{disableProgressBar:true},\n\t\t\t\t\t\t\t\tnavigation: {\n\t\t\t\t\t\t\t\t\tonHoverStop:false\n\t\t\t\t\t\t\t\t},\n\t\t\t\t\t\t\t\tparallax: {\n\t\t\t\t\t\t\t\t\tlevels:[5,10,15,20,25,30,35,40,45,46,47,48,49,50,51,55],\n\t\t\t\t\t\t\t\t\ttype:\"mouse\"\n\t\t\t\t\t\t\t\t},\n\t\t\t\t\t\t\t\tviewPort: {\n\t\t\t\t\t\t\t\t\tenable:true,\n\t\t\t\t\t\t\t\t\tvisible_area:\"1%\",\n\t\t\t\t\t\t\t\t\tpresize:true\n\t\t\t\t\t\t\t\t},\n\t\t\t\t\t\t\t\tfallbacks: {\n\t\t\t\t\t\t\t\t\tallowHTML5AutoPlayOnAndroid:true\n\t\t\t\t\t\t\t\t},\n\t\t\t\t\t\t\t});\n\t\t\t\t\t\t}\n\t\t\t\t\t\t\n\t\t\t\t\t});\n\t\t\t\t\t} \/\/ End of RevInitScript\n\t\t\t\tvar once_revslider41 = false;\n\t\t\t\tif (document.readyState === \"loading\") {document.addEventListener('readystatechange',function() { if((document.readyState === \"interactive\" || document.readyState === \"complete\") && !once_revslider41 ) { once_revslider41 = true; revinit_revslider41();}});} else {once_revslider41 = true; revinit_revslider41();}\n\t\t\t\t<\/script>\n\t\t\t<\/rs-module-wrap>\n\t\t\t<!-- END REVOLUTION SLIDER -->\n<\/div><\/div><\/div><\/div><\/div>","protected":false},"excerpt":{"rendered":"Frequently asked questions Investment Portfolios Add\u2019l Services ? How much money do I need to start investing? On average our clients hold portfolios investment accounts for +- US$ 1 million. [...]","protected":false},"author":1,"featured_media":0,"parent":0,"menu_order":0,"comment_status":"closed","ping_status":"closed","template":"full-width.php","meta":[],"_links":{"self":[{"href":"https:\/\/avilaadvisors.com\/es\/wp-json\/wp\/v2\/pages\/8776"}],"collection":[{"href":"https:\/\/avilaadvisors.com\/es\/wp-json\/wp\/v2\/pages"}],"about":[{"href":"https:\/\/avilaadvisors.com\/es\/wp-json\/wp\/v2\/types\/page"}],"author":[{"embeddable":true,"href":"https:\/\/avilaadvisors.com\/es\/wp-json\/wp\/v2\/users\/1"}],"replies":[{"embeddable":true,"href":"https:\/\/avilaadvisors.com\/es\/wp-json\/wp\/v2\/comments?post=8776"}],"version-history":[{"count":30,"href":"https:\/\/avilaadvisors.com\/es\/wp-json\/wp\/v2\/pages\/8776\/revisions"}],"predecessor-version":[{"id":15357,"href":"https:\/\/avilaadvisors.com\/es\/wp-json\/wp\/v2\/pages\/8776\/revisions\/15357"}],"wp:attachment":[{"href":"https:\/\/avilaadvisors.com\/es\/wp-json\/wp\/v2\/media?parent=8776"}],"curies":[{"name":"wp","href":"https:\/\/api.w.org\/{rel}","templated":true}]}}